{"id":495,"date":"2021-01-02T18:50:42","date_gmt":"2021-01-03T02:50:42","guid":{"rendered":"https:\/\/pretzergreenconsulting.com\/?post_type=product&#038;p=495"},"modified":"2025-12-16T20:21:07","modified_gmt":"2025-12-17T04:21:07","slug":"personal-green-certification","status":"publish","type":"product","link":"https:\/\/pretzergreenconsulting.com\/fr\/produit\/personal-green-certification\/","title":{"rendered":"Certification Verte Personnelle"},"content":{"rendered":"","protected":false},"excerpt":{"rendered":"<p><img fetchpriority=\"high\" decoding=\"async\" class=\"size-medium wp-image-1938 aligncenter\" src=\"https:\/\/pretzergreenconsulting.com\/wp-content\/uploads\/2021\/01\/PGCC-Pic-236x300.png\" alt=\"\" width=\"236\" height=\"300\" srcset=\"https:\/\/i0.wp.com\/pretzergreenconsulting.com\/wp-content\/uploads\/2021\/01\/PGCC-Pic.png?resize=236%2C300&amp;ssl=1 236w, https:\/\/i0.wp.com\/pretzergreenconsulting.com\/wp-content\/uploads\/2021\/01\/PGCC-Pic.png?resize=9%2C12&amp;ssl=1 9w, https:\/\/i0.wp.com\/pretzergreenconsulting.com\/wp-content\/uploads\/2021\/01\/PGCC-Pic.png?resize=300%2C381&amp;ssl=1 300w, https:\/\/i0.wp.com\/pretzergreenconsulting.com\/wp-content\/uploads\/2021\/01\/PGCC-Pic.png?w=486&amp;ssl=1 486w\" sizes=\"(max-width: 236px) 100vw, 236px\" \/><\/p>\n<p>&nbsp;<\/p>\n<p>Concis et puissant, notre questionnaire propri\u00e9taire vous note de 0 \u00e0 100 points. Notre rapport personnalis\u00e9 fournit des suggestions personnalis\u00e9es et de pr\u00e9cieux conseils pour une vie \u00e9cologique aujourd'hui.<\/p>\n<p>We provide a straightforward road map to sustainable living without having to spend hours, days, or even years attempting to understand each topic and how they work together. Get in the fast lane with the correct information you need now.<\/p>","protected":false},"featured_media":1938,"template":"","meta":{"_monsterinsights_skip_tracking":false,"_monsterinsights_sitenote_active":false,"_monsterinsights_sitenote_note":"","_monsterinsights_sitenote_category":0},"product_brand":[],"product_cat":[31],"product_tag":[],"class_list":{"0":"post-495","1":"product","2":"type-product","3":"status-publish","4":"has-post-thumbnail","6":"product_cat-certification","8":"first","9":"instock","10":"virtual","11":"taxable","12":"purchasable","13":"product-type-simple"},"jetpack_sharing_enabled":true,"_links":{"self":[{"href":"https:\/\/pretzergreenconsulting.com\/fr\/wp-json\/wp\/v2\/product\/495","targetHints":{"allow":["GET"]}}],"collection":[{"href":"https:\/\/pretzergreenconsulting.com\/fr\/wp-json\/wp\/v2\/product"}],"about":[{"href":"https:\/\/pretzergreenconsulting.com\/fr\/wp-json\/wp\/v2\/types\/product"}],"wp:featuredmedia":[{"embeddable":true,"href":"https:\/\/pretzergreenconsulting.com\/fr\/wp-json\/wp\/v2\/media\/1938"}],"wp:attachment":[{"href":"https:\/\/pretzergreenconsulting.com\/fr\/wp-json\/wp\/v2\/media?parent=495"}],"wp:term":[{"taxonomy":"product_brand","embeddable":true,"href":"https:\/\/pretzergreenconsulting.com\/fr\/wp-json\/wp\/v2\/product_brand?post=495"},{"taxonomy":"product_cat","embeddable":true,"href":"https:\/\/pretzergreenconsulting.com\/fr\/wp-json\/wp\/v2\/product_cat?post=495"},{"taxonomy":"product_tag","embeddable":true,"href":"https:\/\/pretzergreenconsulting.com\/fr\/wp-json\/wp\/v2\/product_tag?post=495"}],"curies":[{"name":"wp","href":"https:\/\/api.w.org\/{rel}","templated":true}]}}